{"id":646,"date":"2012-08-21T11:31:25","date_gmt":"2012-08-21T09:31:25","guid":{"rendered":"http:\/\/www.birgitreidinger.com\/impressum-2\/"},"modified":"2018-05-25T21:32:28","modified_gmt":"2018-05-25T19:32:28","slug":"impressum","status":"publish","type":"page","link":"https:\/\/www.birgitreidinger.com\/en\/impressum\/","title":{"rendered":"Impressum"},"content":{"rendered":"<h4>Impressum<\/h4>\n<p>Eigent\u00fcmer: Birgit Reidinger<br \/>\nJohann-Staud-Strasse 21\/1<br \/>\n1160 Wien<\/p>\n<p>\nF\u00fcr den Inhalt verantwortlich: Birgit Reidinger [encode_email email=&#8221;info@birgitreidinger.at&#8221; display=&#8221;info@birgitreidinger.at&#8221;]<br \/>\n<br \/>\nIrrt\u00fcmer und Satzfehler vorbehalten. Angaben auf dieser Homepage sind f\u00fcr den Betreiber unverbindlich und haben rein informativen Charakter. F\u00fcr Links wird keine Haftung \u00fcbernommen.<br \/>\n<br \/>\nDiese\u00a0<a href=\"http:\/\/www.birgitreidinger.at\">WebSite<\/a>\u00a0verwendet\u00a0<a href=\"http:\/\/www.google.com\/intl\/de\/analytics\/\" target=\"_blank\" rel=\"noopener noreferrer\">Google Analytics<\/a>. N\u00e4here Informationen finden Sie auf der\u00a0<a href=\"https:\/\/www.birgitreidinger.com\/privacy-policy\/\">Privacy Policy<\/a>\u00a0Seite.<\/p>\n","protected":false},"excerpt":{"rendered":"<p>Impressum Eigent\u00fcmer: Birgit Reidinger Johann-Staud-Strasse 21\/1 1160 Wien F\u00fcr den Inhalt verantwortlich: Birgit Reidinger [encode_email email=&#8221;info@birgitreidinger.at&#8221; display=&#8221;info@birgitreidinger.at&#8221;] Irrt\u00fcmer und Satzfehler vorbehalten. Angaben auf dieser Homepage&#8230;<\/p>\n","protected":false},"author":1,"featured_media":0,"parent":0,"menu_order":0,"comment_status":"open","ping_status":"open","template":"page-template-fullwidth.php","meta":{"ngg_post_thumbnail":0,"footnotes":""},"categories":[],"class_list":["post-646","page","type-page","status-publish","hentry"],"_links":{"self":[{"href":"https:\/\/www.birgitreidinger.com\/en\/wp-json\/wp\/v2\/pages\/646","targetHints":{"allow":["GET"]}}],"collection":[{"href":"https:\/\/www.birgitreidinger.com\/en\/wp-json\/wp\/v2\/pages"}],"about":[{"href":"https:\/\/www.birgitreidinger.com\/en\/wp-json\/wp\/v2\/types\/page"}],"author":[{"embeddable":true,"href":"https:\/\/www.birgitreidinger.com\/en\/wp-json\/wp\/v2\/users\/1"}],"replies":[{"embeddable":true,"href":"https:\/\/www.birgitreidinger.com\/en\/wp-json\/wp\/v2\/comments?post=646"}],"version-history":[{"count":8,"href":"https:\/\/www.birgitreidinger.com\/en\/wp-json\/wp\/v2\/pages\/646\/revisions"}],"predecessor-version":[{"id":932,"href":"https:\/\/www.birgitreidinger.com\/en\/wp-json\/wp\/v2\/pages\/646\/revisions\/932"}],"wp:attachment":[{"href":"https:\/\/www.birgitreidinger.com\/en\/wp-json\/wp\/v2\/media?parent=646"}],"wp:term":[{"taxonomy":"category","embeddable":true,"href":"https:\/\/www.birgitreidinger.com\/en\/wp-json\/wp\/v2\/categories?post=646"}],"curies":[{"name":"wp","href":"https:\/\/api.w.org\/{rel}","templated":true}]}}